{"id":722,"date":"2025-03-10T12:59:17","date_gmt":"2025-03-10T12:59:17","guid":{"rendered":"https:\/\/skorpi.protostar.ai\/?page_id=722"},"modified":"2025-03-13T11:00:14","modified_gmt":"2025-03-13T11:00:14","slug":"o-projektu","status":"publish","type":"page","link":"https:\/\/skorpi.protostar.ai\/en\/o-projektu\/","title":{"rendered":"About Project"},"content":{"rendered":"<div data-elementor-type=\"wp-page\" data-elementor-id=\"722\" class=\"elementor elementor-722\" data-elementor-post-type=\"page\">\n\t\t\t\t<div class=\"elementor-element elementor-element-90bd75d e-flex e-con-boxed e-con e-parent\" data-id=\"90bd75d\" data-element_type=\"container\" data-settings=\"{&quot;background_background&quot;:&quot;classic&quot;}\">\n\t\t\t\t\t<div class=\"e-con-inner\">\n\t\t\t\t<div class=\"elementor-element elementor-element-32adb77 elementor-widget__width-initial elementor-widget elementor-widget-heading\" data-id=\"32adb77\" data-element_type=\"widget\" data-widget_type=\"heading.default\">\n\t\t\t\t<div class=\"elementor-widget-container\">\n\t\t\t\t\t<h2 class=\"elementor-heading-title elementor-size-default\">About Project<\/h2>\t\t\t\t<\/div>\n\t\t\t\t<\/div>\n\t\t\t\t\t<\/div>\n\t\t\t\t<\/div>\n\t\t<div class=\"elementor-element elementor-element-60797b3 e-flex e-con-boxed e-con e-parent\" data-id=\"60797b3\" data-element_type=\"container\">\n\t\t\t\t\t<div class=\"e-con-inner\">\n\t\t\t\t<div class=\"elementor-element elementor-element-e6282cc elementor-widget__width-initial elementor-widget elementor-widget-heading\" data-id=\"e6282cc\" data-element_type=\"widget\" data-widget_type=\"heading.default\">\n\t\t\t\t<div class=\"elementor-widget-container\">\n\t\t\t\t\t<h2 class=\"elementor-heading-title elementor-size-default\">Project Description<\/h2>\t\t\t\t<\/div>\n\t\t\t\t<\/div>\n\t\t\t\t<div class=\"elementor-element elementor-element-a194831 elementor-widget elementor-widget-text-editor\" data-id=\"a194831\" data-element_type=\"widget\" data-widget_type=\"text-editor.default\">\n\t\t\t\t<div class=\"elementor-widget-container\">\n\t\t\t\t\t\t\t\t\t<p>The implementation of this project will explore the possibilities of designing an innovative, flexible, and cost-effective multispectral camera. This camera will combine an affordable high-resolution RGB camera with specially designed optical filters tailored for analyzing specific issues. By integrating computer vision and AI algorithms, automatic material detection and analysis will be enabled.\n\nThe multispectral camera prototype will be tested to address two specific problems: detecting contamination in food production and remotely monitoring soil for agricultural planning. If the research yields positive results, it could significantly change the approach and accessibility of multispectral analysis for solving problems in various industrial sectors.<\/p>\t\t\t\t\t\t\t\t<\/div>\n\t\t\t\t<\/div>\n\t\t\t\t<div class=\"elementor-element elementor-element-58ced6b elementor-widget elementor-widget-text-editor\" data-id=\"58ced6b\" data-element_type=\"widget\" data-widget_type=\"text-editor.default\">\n\t\t\t\t<div class=\"elementor-widget-container\">\n\t\t\t\t\t\t\t\t\t<p><strong>Project Goals and Outcomes:<\/strong><br \/>The project's goal is to develop a successful prototype (up to TRL-4) that will confirm the value of this innovative concept and enable broad application across different sectors.<br \/>Outcomes:<br \/>1. Development of a cost-effective multispectral system prototype with enhanced features (up to TRL-4);<br \/>2. Prototype tested for detecting foreign objects in food production and monitoring agricultural land;<br \/>3. Preparation of a project proposal for Horizon Europe to secure funding for further system development;<br \/>4. Evaluation of the innovation\u2019s patentability for submission to the EUIPO and technology transfer for further exploitation;<br \/>5. Scientific publications prepared and submitted for review in Q1 or Q2 journals;<br \/>6. Organized events for promoting technology transfer, attended by a significant number of partners;<br \/>7. Participation in conferences where key research results are disseminated and presented.<\/p>\t\t\t\t\t\t\t\t<\/div>\n\t\t\t\t<\/div>\n\t\t\t\t<div class=\"elementor-element elementor-element-3f1a8ab elementor-widget elementor-widget-text-editor\" data-id=\"3f1a8ab\" data-element_type=\"widget\" data-widget_type=\"text-editor.default\">\n\t\t\t\t<div class=\"elementor-widget-container\">\n\t\t\t\t\t\t\t\t\t<p>Total Project Value <strong>1.383.296,44 EUR<\/strong><br \/>EU Co-Funding: <strong>1.164.665,31 EUR<\/strong><br \/><strong>Project Duration:<\/strong> 1.5.2024.- 30.4.2026.<\/p>\t\t\t\t\t\t\t\t<\/div>\n\t\t\t\t<\/div>\n\t\t\t\t<div class=\"elementor-element elementor-element-d39f691 elementor-widget elementor-widget-text-editor\" data-id=\"d39f691\" data-element_type=\"widget\" data-widget_type=\"text-editor.default\">\n\t\t\t\t<div class=\"elementor-widget-container\">\n\t\t\t\t\t\t\t\t\t<p>Contact Person for More Information: Filip Novoselnik<br \/>Email: filip@protostar.ai<\/p>\t\t\t\t\t\t\t\t<\/div>\n\t\t\t\t<\/div>\n\t\t\t\t<div class=\"elementor-element elementor-element-6f80d92 elementor-widget elementor-widget-text-editor\" data-id=\"6f80d92\" data-element_type=\"widget\" data-widget_type=\"text-editor.default\">\n\t\t\t\t<div class=\"elementor-widget-container\">\n\t\t\t\t\t\t\t\t\t<p>For more information on the EU Call that funds this project, visit: https:\/\/fondovieu.gov.hr\/pozivi\/73<\/p>\t\t\t\t\t\t\t\t<\/div>\n\t\t\t\t<\/div>\n\t\t<div class=\"elementor-element elementor-element-087fd45 e-grid e-con-full e-con e-child\" data-id=\"087fd45\" data-element_type=\"container\">\n\t\t\t\t<div class=\"elementor-element elementor-element-93f1e83 elementor-widget elementor-widget-image\" data-id=\"93f1e83\" data-element_type=\"widget\" data-widget_type=\"image.default\">\n\t\t\t\t<div class=\"elementor-widget-container\">\n\t\t\t\t\t\t\t\t\t\t\t\t\t\t\t<img fetchpriority=\"high\" decoding=\"async\" width=\"800\" height=\"390\" src=\"https:\/\/skorpi.protostar.ai\/wp-content\/uploads\/2025\/03\/HR_Financira_Europska_unija-e1741612452435-1024x499.png\" class=\"attachment-large size-large wp-image-725\" alt=\"\" srcset=\"https:\/\/skorpi.protostar.ai\/wp-content\/uploads\/2025\/03\/HR_Financira_Europska_unija-e1741612452435-1024x499.png 1024w, https:\/\/skorpi.protostar.ai\/wp-content\/uploads\/2025\/03\/HR_Financira_Europska_unija-e1741612452435-300x146.png 300w, https:\/\/skorpi.protostar.ai\/wp-content\/uploads\/2025\/03\/HR_Financira_Europska_unija-e1741612452435-768x374.png 768w, https:\/\/skorpi.protostar.ai\/wp-content\/uploads\/2025\/03\/HR_Financira_Europska_unija-e1741612452435-18x9.png 18w, https:\/\/skorpi.protostar.ai\/wp-content\/uploads\/2025\/03\/HR_Financira_Europska_unija-e1741612452435.png 1125w\" sizes=\"(max-width: 800px) 100vw, 800px\" \/>\t\t\t\t\t\t\t\t\t\t\t\t\t\t\t<\/div>\n\t\t\t\t<\/div>\n\t\t\t\t<div class=\"elementor-element elementor-element-60a0875 elementor-widget elementor-widget-image\" data-id=\"60a0875\" data-element_type=\"widget\" data-widget_type=\"image.default\">\n\t\t\t\t<div class=\"elementor-widget-container\">\n\t\t\t\t\t\t\t\t\t\t\t\t\t\t\t<img decoding=\"async\" width=\"639\" height=\"288\" src=\"https:\/\/skorpi.protostar.ai\/wp-content\/uploads\/2025\/03\/mzom-gov-hr-color-e1741612490562.jpg\" class=\"attachment-large size-large wp-image-726\" alt=\"\" srcset=\"https:\/\/skorpi.protostar.ai\/wp-content\/uploads\/2025\/03\/mzom-gov-hr-color-e1741612490562.jpg 639w, https:\/\/skorpi.protostar.ai\/wp-content\/uploads\/2025\/03\/mzom-gov-hr-color-e1741612490562-300x135.jpg 300w, https:\/\/skorpi.protostar.ai\/wp-content\/uploads\/2025\/03\/mzom-gov-hr-color-e1741612490562-18x8.jpg 18w\" sizes=\"(max-width: 639px) 100vw, 639px\" \/>\t\t\t\t\t\t\t\t\t\t\t\t\t\t\t<\/div>\n\t\t\t\t<\/div>\n\t\t\t\t<div class=\"elementor-element elementor-element-db27fe6 elementor-widget elementor-widget-image\" data-id=\"db27fe6\" data-element_type=\"widget\" data-widget_type=\"image.default\">\n\t\t\t\t<div class=\"elementor-widget-container\">\n\t\t\t\t\t\t\t\t\t\t\t\t\t\t\t<img decoding=\"async\" width=\"512\" height=\"218\" src=\"https:\/\/skorpi.protostar.ai\/wp-content\/uploads\/2025\/03\/hrzz.png\" class=\"attachment-large size-large wp-image-740\" alt=\"\" srcset=\"https:\/\/skorpi.protostar.ai\/wp-content\/uploads\/2025\/03\/hrzz.png 512w, https:\/\/skorpi.protostar.ai\/wp-content\/uploads\/2025\/03\/hrzz-300x128.png 300w, https:\/\/skorpi.protostar.ai\/wp-content\/uploads\/2025\/03\/hrzz-18x8.png 18w\" sizes=\"(max-width: 512px) 100vw, 512px\" \/>\t\t\t\t\t\t\t\t\t\t\t\t\t\t\t<\/div>\n\t\t\t\t<\/div>\n\t\t\t\t<\/div>\n\t\t\t\t<div class=\"elementor-element elementor-element-8dd607a elementor-widget elementor-widget-spacer\" data-id=\"8dd607a\" data-element_type=\"widget\" data-widget_type=\"spacer.default\">\n\t\t\t\t<div class=\"elementor-widget-container\">\n\t\t\t\t\t\t\t<div class=\"elementor-spacer\">\n\t\t\t<div class=\"elementor-spacer-inner\"><\/div>\n\t\t<\/div>\n\t\t\t\t\t\t<\/div>\n\t\t\t\t<\/div>\n\t\t\t\t\t<\/div>\n\t\t\t\t<\/div>\n\t\t\t\t<\/div>","protected":false},"excerpt":{"rendered":"<p>O Projektu Opis projekta Provedbom ovog projekta istra\u017eit \u0107e se mogu\u0107nosti dizajniranja inovativne, fleksibilne i ekonomi\u010dne multispektralne kamere. Ova kamera \u0107e kombinirati pristupa\u010dnu RGB kameru visoke rezolucije s posebno dizajniranim opti\u010dkim filterima prilago\u0111enima za analizu odre\u0111enih problema. Integracijom ra\u010dunalnog vida i AI algoritama bit \u0107e omogu\u0107ena automatska detekcija i analiza materijala. Prototip multispektralne kamere \u0107e [&hellip;]<\/p>","protected":false},"author":1,"featured_media":0,"parent":0,"menu_order":0,"comment_status":"closed","ping_status":"closed","template":"elementor_canvas","meta":{"footnotes":""},"class_list":["post-722","page","type-page","status-publish","hentry"],"yoast_head":"<!-- This site is optimized with the Yoast SEO plugin v24.3 - https:\/\/yoast.com\/wordpress\/plugins\/seo\/ -->\n<title>O Projektu - SKORPI<\/title>\n<meta name=\"robots\" content=\"index, follow, max-snippet:-1, max-image-preview:large, max-video-preview:-1\" \/>\n<link rel=\"canonical\" href=\"https:\/\/skorpi.protostar.ai\/en\/o-projektu\/\" \/>\n<meta property=\"og:locale\" content=\"en_GB\" \/>\n<meta property=\"og:type\" content=\"article\" \/>\n<meta property=\"og:title\" content=\"O Projektu - SKORPI\" \/>\n<meta property=\"og:description\" content=\"O Projektu Opis projekta Provedbom ovog projekta istra\u017eit \u0107e se mogu\u0107nosti dizajniranja inovativne, fleksibilne i ekonomi\u010dne multispektralne kamere. Ova kamera \u0107e kombinirati pristupa\u010dnu RGB kameru visoke rezolucije s posebno dizajniranim opti\u010dkim filterima prilago\u0111enima za analizu odre\u0111enih problema. Integracijom ra\u010dunalnog vida i AI algoritama bit \u0107e omogu\u0107ena automatska detekcija i analiza materijala. Prototip multispektralne kamere \u0107e [&hellip;]\" \/>\n<meta property=\"og:url\" content=\"https:\/\/skorpi.protostar.ai\/en\/o-projektu\/\" \/>\n<meta property=\"og:site_name\" content=\"SKORPI\" \/>\n<meta property=\"article:modified_time\" content=\"2025-03-13T11:00:14+00:00\" \/>\n<meta property=\"og:image\" content=\"https:\/\/skorpi.protostar.ai\/wp-content\/uploads\/2025\/03\/HR_Financira_Europska_unija-e1741612452435.png\" \/>\n\t<meta property=\"og:image:width\" content=\"1125\" \/>\n\t<meta property=\"og:image:height\" content=\"548\" \/>\n\t<meta property=\"og:image:type\" content=\"image\/png\" \/>\n<meta name=\"twitter:card\" content=\"summary_large_image\" \/>\n<meta name=\"twitter:label1\" content=\"Estimated reading time\" \/>\n\t<meta name=\"twitter:data1\" content=\"2 minutes\" \/>\n<script type=\"application\/ld+json\" class=\"yoast-schema-graph\">{\"@context\":\"https:\/\/schema.org\",\"@graph\":[{\"@type\":\"WebPage\",\"@id\":\"https:\/\/skorpi.protostar.ai\/o-projektu\/\",\"url\":\"https:\/\/skorpi.protostar.ai\/o-projektu\/\",\"name\":\"O Projektu - SKORPI\",\"isPartOf\":{\"@id\":\"https:\/\/skorpi.protostar.ai\/#website\"},\"primaryImageOfPage\":{\"@id\":\"https:\/\/skorpi.protostar.ai\/o-projektu\/#primaryimage\"},\"image\":{\"@id\":\"https:\/\/skorpi.protostar.ai\/o-projektu\/#primaryimage\"},\"thumbnailUrl\":\"https:\/\/skorpi.protostar.ai\/wp-content\/uploads\/2025\/03\/HR_Financira_Europska_unija-e1741612452435-1024x499.png\",\"datePublished\":\"2025-03-10T12:59:17+00:00\",\"dateModified\":\"2025-03-13T11:00:14+00:00\",\"breadcrumb\":{\"@id\":\"https:\/\/skorpi.protostar.ai\/o-projektu\/#breadcrumb\"},\"inLanguage\":\"en-GB\",\"potentialAction\":[{\"@type\":\"ReadAction\",\"target\":[\"https:\/\/skorpi.protostar.ai\/o-projektu\/\"]}]},{\"@type\":\"ImageObject\",\"inLanguage\":\"en-GB\",\"@id\":\"https:\/\/skorpi.protostar.ai\/o-projektu\/#primaryimage\",\"url\":\"https:\/\/skorpi.protostar.ai\/wp-content\/uploads\/2025\/03\/HR_Financira_Europska_unija-e1741612452435-1024x499.png\",\"contentUrl\":\"https:\/\/skorpi.protostar.ai\/wp-content\/uploads\/2025\/03\/HR_Financira_Europska_unija-e1741612452435-1024x499.png\"},{\"@type\":\"BreadcrumbList\",\"@id\":\"https:\/\/skorpi.protostar.ai\/o-projektu\/#breadcrumb\",\"itemListElement\":[{\"@type\":\"ListItem\",\"position\":1,\"name\":\"Home\",\"item\":\"https:\/\/skorpi.protostar.ai\/\"},{\"@type\":\"ListItem\",\"position\":2,\"name\":\"O Projektu\"}]},{\"@type\":\"WebSite\",\"@id\":\"https:\/\/skorpi.protostar.ai\/#website\",\"url\":\"https:\/\/skorpi.protostar.ai\/\",\"name\":\"SKORPI\",\"description\":\"Skalabilni Sustav Kamera i Opti\u010dkih Filtera za Primjenu u Industriji\",\"publisher\":{\"@id\":\"https:\/\/skorpi.protostar.ai\/#organization\"},\"potentialAction\":[{\"@type\":\"SearchAction\",\"target\":{\"@type\":\"EntryPoint\",\"urlTemplate\":\"https:\/\/skorpi.protostar.ai\/?s={search_term_string}\"},\"query-input\":{\"@type\":\"PropertyValueSpecification\",\"valueRequired\":true,\"valueName\":\"search_term_string\"}}],\"inLanguage\":\"en-GB\"},{\"@type\":\"Organization\",\"@id\":\"https:\/\/skorpi.protostar.ai\/#organization\",\"name\":\"SKORPI\",\"url\":\"https:\/\/skorpi.protostar.ai\/\",\"logo\":{\"@type\":\"ImageObject\",\"inLanguage\":\"en-GB\",\"@id\":\"https:\/\/skorpi.protostar.ai\/#\/schema\/logo\/image\/\",\"url\":\"https:\/\/skorpi.protostar.ai\/wp-content\/uploads\/2025\/01\/cropped-Group-18.png\",\"contentUrl\":\"https:\/\/skorpi.protostar.ai\/wp-content\/uploads\/2025\/01\/cropped-Group-18.png\",\"width\":512,\"height\":512,\"caption\":\"SKORPI\"},\"image\":{\"@id\":\"https:\/\/skorpi.protostar.ai\/#\/schema\/logo\/image\/\"}}]}<\/script>\n<!-- \/ Yoast SEO plugin. -->","yoast_head_json":{"title":"O Projektu - SKORPI","robots":{"index":"index","follow":"follow","max-snippet":"max-snippet:-1","max-image-preview":"max-image-preview:large","max-video-preview":"max-video-preview:-1"},"canonical":"https:\/\/skorpi.protostar.ai\/en\/o-projektu\/","og_locale":"en_GB","og_type":"article","og_title":"O Projektu - SKORPI","og_description":"O Projektu Opis projekta Provedbom ovog projekta istra\u017eit \u0107e se mogu\u0107nosti dizajniranja inovativne, fleksibilne i ekonomi\u010dne multispektralne kamere. Ova kamera \u0107e kombinirati pristupa\u010dnu RGB kameru visoke rezolucije s posebno dizajniranim opti\u010dkim filterima prilago\u0111enima za analizu odre\u0111enih problema. Integracijom ra\u010dunalnog vida i AI algoritama bit \u0107e omogu\u0107ena automatska detekcija i analiza materijala. Prototip multispektralne kamere \u0107e [&hellip;]","og_url":"https:\/\/skorpi.protostar.ai\/en\/o-projektu\/","og_site_name":"SKORPI","article_modified_time":"2025-03-13T11:00:14+00:00","og_image":[{"width":1125,"height":548,"url":"https:\/\/skorpi.protostar.ai\/wp-content\/uploads\/2025\/03\/HR_Financira_Europska_unija-e1741612452435.png","type":"image\/png"}],"twitter_card":"summary_large_image","twitter_misc":{"Estimated reading time":"2 minutes"},"schema":{"@context":"https:\/\/schema.org","@graph":[{"@type":"WebPage","@id":"https:\/\/skorpi.protostar.ai\/o-projektu\/","url":"https:\/\/skorpi.protostar.ai\/o-projektu\/","name":"O Projektu - SKORPI","isPartOf":{"@id":"https:\/\/skorpi.protostar.ai\/#website"},"primaryImageOfPage":{"@id":"https:\/\/skorpi.protostar.ai\/o-projektu\/#primaryimage"},"image":{"@id":"https:\/\/skorpi.protostar.ai\/o-projektu\/#primaryimage"},"thumbnailUrl":"https:\/\/skorpi.protostar.ai\/wp-content\/uploads\/2025\/03\/HR_Financira_Europska_unija-e1741612452435-1024x499.png","datePublished":"2025-03-10T12:59:17+00:00","dateModified":"2025-03-13T11:00:14+00:00","breadcrumb":{"@id":"https:\/\/skorpi.protostar.ai\/o-projektu\/#breadcrumb"},"inLanguage":"en-GB","potentialAction":[{"@type":"ReadAction","target":["https:\/\/skorpi.protostar.ai\/o-projektu\/"]}]},{"@type":"ImageObject","inLanguage":"en-GB","@id":"https:\/\/skorpi.protostar.ai\/o-projektu\/#primaryimage","url":"https:\/\/skorpi.protostar.ai\/wp-content\/uploads\/2025\/03\/HR_Financira_Europska_unija-e1741612452435-1024x499.png","contentUrl":"https:\/\/skorpi.protostar.ai\/wp-content\/uploads\/2025\/03\/HR_Financira_Europska_unija-e1741612452435-1024x499.png"},{"@type":"BreadcrumbList","@id":"https:\/\/skorpi.protostar.ai\/o-projektu\/#breadcrumb","itemListElement":[{"@type":"ListItem","position":1,"name":"Home","item":"https:\/\/skorpi.protostar.ai\/"},{"@type":"ListItem","position":2,"name":"O Projektu"}]},{"@type":"WebSite","@id":"https:\/\/skorpi.protostar.ai\/#website","url":"https:\/\/skorpi.protostar.ai\/","name":"SKORPI","description":"Skalabilni Sustav Kamera i Opti\u010dkih Filtera za Primjenu u Industriji","publisher":{"@id":"https:\/\/skorpi.protostar.ai\/#organization"},"potentialAction":[{"@type":"SearchAction","target":{"@type":"EntryPoint","urlTemplate":"https:\/\/skorpi.protostar.ai\/?s={search_term_string}"},"query-input":{"@type":"PropertyValueSpecification","valueRequired":true,"valueName":"search_term_string"}}],"inLanguage":"en-GB"},{"@type":"Organization","@id":"https:\/\/skorpi.protostar.ai\/#organization","name":"SKORPI","url":"https:\/\/skorpi.protostar.ai\/","logo":{"@type":"ImageObject","inLanguage":"en-GB","@id":"https:\/\/skorpi.protostar.ai\/#\/schema\/logo\/image\/","url":"https:\/\/skorpi.protostar.ai\/wp-content\/uploads\/2025\/01\/cropped-Group-18.png","contentUrl":"https:\/\/skorpi.protostar.ai\/wp-content\/uploads\/2025\/01\/cropped-Group-18.png","width":512,"height":512,"caption":"SKORPI"},"image":{"@id":"https:\/\/skorpi.protostar.ai\/#\/schema\/logo\/image\/"}}]}},"_links":{"self":[{"href":"https:\/\/skorpi.protostar.ai\/en\/wp-json\/wp\/v2\/pages\/722","targetHints":{"allow":["GET"]}}],"collection":[{"href":"https:\/\/skorpi.protostar.ai\/en\/wp-json\/wp\/v2\/pages"}],"about":[{"href":"https:\/\/skorpi.protostar.ai\/en\/wp-json\/wp\/v2\/types\/page"}],"author":[{"embeddable":true,"href":"https:\/\/skorpi.protostar.ai\/en\/wp-json\/wp\/v2\/users\/1"}],"replies":[{"embeddable":true,"href":"https:\/\/skorpi.protostar.ai\/en\/wp-json\/wp\/v2\/comments?post=722"}],"version-history":[{"count":13,"href":"https:\/\/skorpi.protostar.ai\/en\/wp-json\/wp\/v2\/pages\/722\/revisions"}],"predecessor-version":[{"id":746,"href":"https:\/\/skorpi.protostar.ai\/en\/wp-json\/wp\/v2\/pages\/722\/revisions\/746"}],"wp:attachment":[{"href":"https:\/\/skorpi.protostar.ai\/en\/wp-json\/wp\/v2\/media?parent=722"}],"curies":[{"name":"wp","href":"https:\/\/api.w.org\/{rel}","templated":true}]}}